{"id":94,"date":"2024-05-05T04:03:36","date_gmt":"2024-05-05T01:03:36","guid":{"rendered":"https:\/\/iksir.vip\/?page_id=94"},"modified":"2024-05-05T04:37:48","modified_gmt":"2024-05-05T01:37:48","slug":"iksirin-tadina-bakmak-ucretsiz","status":"publish","type":"page","link":"https:\/\/iksir.vip\/?page_id=94","title":{"rendered":"\u0130KS\u0130R&#8217;in tad\u0131na bakmak \u00dcCRETS\u0130Z"},"content":{"rendered":"\n<p>\u0130KS\u0130R&#8217;de deneme kurslar\u0131na kat\u0131larak bu b\u00fcy\u00fcl\u00fc yolculukta sana rehberlik edecek \u00f6\u011fretmenlerimizle tan\u0131\u015fabilirsin.<\/p>\n\n\n\n<p>Kat\u0131l\u0131m i\u00e7in ba\u015fvurunuzu kursumuza gelerek yapabilirsiniz.<\/p>\n","protected":false},"excerpt":{"rendered":"<p>\u0130KS\u0130R&#8217;de deneme kurslar\u0131na kat\u0131larak bu b\u00fcy\u00fcl\u00fc yolculukta sana rehberlik edecek \u00f6\u011fretmenlerimizle tan\u0131\u015fabilirsin. Kat\u0131l\u0131m i\u00e7in ba\u015fvurunuzu kursumuza gelerek yapabilirsiniz.<\/p>\n","protected":false},"author":1,"featured_media":0,"parent":0,"menu_order":0,"comment_status":"closed","ping_status":"closed","template":"","meta":{"_vp_format_video_url":"","_vp_image_focal_point":[],"footnotes":""},"class_list":["post-94","page","type-page","status-publish","hentry"],"_links":{"self":[{"href":"https:\/\/iksir.vip\/index.php?rest_route=\/wp\/v2\/pages\/94","targetHints":{"allow":["GET"]}}],"collection":[{"href":"https:\/\/iksir.vip\/index.php?rest_route=\/wp\/v2\/pages"}],"about":[{"href":"https:\/\/iksir.vip\/index.php?rest_route=\/wp\/v2\/types\/page"}],"author":[{"embeddable":true,"href":"https:\/\/iksir.vip\/index.php?rest_route=\/wp\/v2\/users\/1"}],"replies":[{"embeddable":true,"href":"https:\/\/iksir.vip\/index.php?rest_route=%2Fwp%2Fv2%2Fcomments&post=94"}],"version-history":[{"count":2,"href":"https:\/\/iksir.vip\/index.php?rest_route=\/wp\/v2\/pages\/94\/revisions"}],"predecessor-version":[{"id":118,"href":"https:\/\/iksir.vip\/index.php?rest_route=\/wp\/v2\/pages\/94\/revisions\/118"}],"wp:attachment":[{"href":"https:\/\/iksir.vip\/index.php?rest_route=%2Fwp%2Fv2%2Fmedia&parent=94"}],"curies":[{"name":"wp","href":"https:\/\/api.w.org\/{rel}","templated":true}]}}