{"id":69,"date":"2024-05-05T03:37:38","date_gmt":"2024-05-05T00:37:38","guid":{"rendered":"https:\/\/iksir.vip\/?page_id=69"},"modified":"2024-06-08T05:09:44","modified_gmt":"2024-06-08T02:09:44","slug":"iksir-galeri","status":"publish","type":"page","link":"https:\/\/iksir.vip\/?page_id=69","title":{"rendered":"\u0130KS\u0130R GALER\u0130"},"content":{"rendered":"<div class=\"wp-block-visual-portfolio\">\n<div class=\"vp-portfolio vp-uid-13c7fad2 vp-id-176\"\n\tdata-vp-layout=\"tiles\" data-vp-content-source=\"images\" data-vp-items-style=\"fade\" data-vp-items-click-action=\"url\" data-vp-items-gap=\"15\" data-vp-items-gap-vertical=\"\" data-vp-pagination=\"load-more\" data-vp-next-page-url=\"https:\/\/iksir.vip\/index.php?rest_route=%2Fwp%2Fv2%2Fpages%2F69&#038;vp_page=2\" data-vp-tiles-type=\"3|1,1|\" >\n\t<div class=\"vp-portfolio__preloader-wrap\">\n\t\t<div class=\"vp-portfolio__preloader\">\n\t\t\t<img decoding=\"async\" loading=\"eager\" src=\"https:\/\/iksir.vip\/wp-content\/plugins\/visual-portfolio\/assets\/images\/logo-dark.svg\" alt=\"Visual Portfolio, Posts &amp; Image Gallery for WordPress\" width=\"20\" height=\"20\" data-skip-lazy>\n\t\t<\/div>\n\t<\/div>\n\t\t<div class=\"vp-portfolio__items-wrap\">\n\t\t\t\n<div class=\"vp-portfolio__items vp-portfolio__items-style-fade vp-portfolio__items-show-overlay-hover\">\n\n\t\t<div\t\tclass=\"vp-portfolio__item-wrap vp-portfolio__item-uid-ad54f410\" data-vp-filter=\"\" \t\t>\n\t\t\t\t\t\t\t\t\t<figure class=\"vp-portfolio__item\">\n\t\t\t\t\n<div class=\"vp-portfolio__item-img-wrap\">\n\t<div class=\"vp-portfolio__item-img\">\n\t\t\n\t\t<noscript><img loading=\"lazy\" decoding=\"async\" width=\"1201\" height=\"900\" data-skip-lazy src=\"https:\/\/iksir.vip\/wp-content\/uploads\/visual-portfolio\/placeholder.png\" class=\"wp-image-172\" alt=\"\" srcset=\"https:\/\/iksir.vip\/wp-content\/uploads\/visual-portfolio\/placeholder.png 1201w, https:\/\/iksir.vip\/wp-content\/uploads\/visual-portfolio\/placeholder-300x225.png 300w, https:\/\/iksir.vip\/wp-content\/uploads\/visual-portfolio\/placeholder-1024x767.png 1024w, https:\/\/iksir.vip\/wp-content\/uploads\/visual-portfolio\/placeholder-768x576.png 768w, https:\/\/iksir.vip\/wp-content\/uploads\/visual-portfolio\/placeholder-500x375.png 500w, https:\/\/iksir.vip\/wp-content\/uploads\/visual-portfolio\/placeholder-800x600.png 800w\" sizes=\"auto, (max-width: 1201px) 100vw, 1201px\" \/><\/noscript><img fetchpriority=\"high\" decoding=\"async\" width=\"1201\" height=\"900\" src=\"https:\/\/iksir.vip\/wp-content\/uploads\/visual-portfolio\/placeholder.png\" class=\"wp-image-172 vp-lazyload\" alt srcset=\"data:image\/svg+xml;base64,PHN2ZyB3aWR0aD0iMTIwMSIgaGVpZ2h0PSI5MDAiIHZpZXdCb3g9IjAgMCAxMjAxIDkwMCIgZmlsbD0ibm9uZSIgeG1sbnM9Imh0dHA6Ly93d3cudzMub3JnLzIwMDAvc3ZnIj48L3N2Zz4=\" data-src=\"https:\/\/iksir.vip\/wp-content\/uploads\/visual-portfolio\/placeholder.png\" data-srcset=\"https:\/\/iksir.vip\/wp-content\/uploads\/visual-portfolio\/placeholder.png 1201w, https:\/\/iksir.vip\/wp-content\/uploads\/visual-portfolio\/placeholder-300x225.png 300w, https:\/\/iksir.vip\/wp-content\/uploads\/visual-portfolio\/placeholder-1024x767.png 1024w, https:\/\/iksir.vip\/wp-content\/uploads\/visual-portfolio\/placeholder-768x576.png 768w, https:\/\/iksir.vip\/wp-content\/uploads\/visual-portfolio\/placeholder-500x375.png 500w, https:\/\/iksir.vip\/wp-content\/uploads\/visual-portfolio\/placeholder-800x600.png 800w\" data-sizes=\"auto\" loading=\"eager\">\n\t\t\t<\/div>\n<\/div>\n\t<figcaption class=\"vp-portfolio__item-overlay vp-portfolio__item-overlay-text-align-center\">\n\t\t<div class=\"vp-portfolio__item-meta-wrap vp-portfolio__custom-scrollbar\">\n\t\t\t\t<span\t\t class=\"vp-portfolio__item-meta\" \t>\n\t\n<h2 class=\"vp-portfolio__item-meta-title\">\n\tf39256f9-d3dc-4d74-b9db-fe6faf9c709b<\/h2>\n<\/span>\t\t<\/div>\n\t<\/figcaption>\n\t\t\t<\/figure>\n\t\t\t\t\t<\/div>\n\t\t\n\t\t<div\t\tclass=\"vp-portfolio__item-wrap vp-portfolio__item-uid-85578ee4\" data-vp-filter=\"\" \t\t>\n\t\t\t\t\t\t\t\t\t<figure class=\"vp-portfolio__item\">\n\t\t\t\t\n<div class=\"vp-portfolio__item-img-wrap\">\n\t<div class=\"vp-portfolio__item-img\">\n\t\t\n\t\t<noscript><img loading=\"lazy\" decoding=\"async\" width=\"1201\" height=\"900\" data-skip-lazy src=\"https:\/\/iksir.vip\/wp-content\/uploads\/visual-portfolio\/placeholder.png\" class=\"wp-image-172\" alt=\"\" srcset=\"https:\/\/iksir.vip\/wp-content\/uploads\/visual-portfolio\/placeholder.png 1201w, https:\/\/iksir.vip\/wp-content\/uploads\/visual-portfolio\/placeholder-300x225.png 300w, https:\/\/iksir.vip\/wp-content\/uploads\/visual-portfolio\/placeholder-1024x767.png 1024w, https:\/\/iksir.vip\/wp-content\/uploads\/visual-portfolio\/placeholder-768x576.png 768w, https:\/\/iksir.vip\/wp-content\/uploads\/visual-portfolio\/placeholder-500x375.png 500w, https:\/\/iksir.vip\/wp-content\/uploads\/visual-portfolio\/placeholder-800x600.png 800w\" sizes=\"auto, (max-width: 1201px) 100vw, 1201px\" \/><\/noscript><img fetchpriority=\"high\" decoding=\"async\" width=\"1201\" height=\"900\" src=\"https:\/\/iksir.vip\/wp-content\/uploads\/visual-portfolio\/placeholder.png\" class=\"wp-image-172 vp-lazyload\" alt srcset=\"data:image\/svg+xml;base64,PHN2ZyB3aWR0aD0iMTIwMSIgaGVpZ2h0PSI5MDAiIHZpZXdCb3g9IjAgMCAxMjAxIDkwMCIgZmlsbD0ibm9uZSIgeG1sbnM9Imh0dHA6Ly93d3cudzMub3JnLzIwMDAvc3ZnIj48L3N2Zz4=\" data-src=\"https:\/\/iksir.vip\/wp-content\/uploads\/visual-portfolio\/placeholder.png\" data-srcset=\"https:\/\/iksir.vip\/wp-content\/uploads\/visual-portfolio\/placeholder.png 1201w, https:\/\/iksir.vip\/wp-content\/uploads\/visual-portfolio\/placeholder-300x225.png 300w, https:\/\/iksir.vip\/wp-content\/uploads\/visual-portfolio\/placeholder-1024x767.png 1024w, https:\/\/iksir.vip\/wp-content\/uploads\/visual-portfolio\/placeholder-768x576.png 768w, https:\/\/iksir.vip\/wp-content\/uploads\/visual-portfolio\/placeholder-500x375.png 500w, https:\/\/iksir.vip\/wp-content\/uploads\/visual-portfolio\/placeholder-800x600.png 800w\" data-sizes=\"auto\" loading=\"eager\">\n\t\t\t<\/div>\n<\/div>\n\t<figcaption class=\"vp-portfolio__item-overlay vp-portfolio__item-overlay-text-align-center\">\n\t\t<div class=\"vp-portfolio__item-meta-wrap vp-portfolio__custom-scrollbar\">\n\t\t\t\t<span\t\t class=\"vp-portfolio__item-meta\" \t>\n\t\n<h2 class=\"vp-portfolio__item-meta-title\">\n\t8cd1abf0-e608-45fa-86bf-babe813172e4<\/h2>\n<\/span>\t\t<\/div>\n\t<\/figcaption>\n\t\t\t<\/figure>\n\t\t\t\t\t<\/div>\n\t\t\n\t\t<div\t\tclass=\"vp-portfolio__item-wrap vp-portfolio__item-uid-e0e5119c\" data-vp-filter=\"\" \t\t>\n\t\t\t\t\t\t\t\t\t<figure class=\"vp-portfolio__item\">\n\t\t\t\t\n<div class=\"vp-portfolio__item-img-wrap\">\n\t<div class=\"vp-portfolio__item-img\">\n\t\t\n\t\t<noscript><img loading=\"lazy\" decoding=\"async\" width=\"1201\" height=\"900\" data-skip-lazy src=\"https:\/\/iksir.vip\/wp-content\/uploads\/visual-portfolio\/placeholder.png\" class=\"wp-image-172\" alt=\"\" srcset=\"https:\/\/iksir.vip\/wp-content\/uploads\/visual-portfolio\/placeholder.png 1201w, https:\/\/iksir.vip\/wp-content\/uploads\/visual-portfolio\/placeholder-300x225.png 300w, https:\/\/iksir.vip\/wp-content\/uploads\/visual-portfolio\/placeholder-1024x767.png 1024w, https:\/\/iksir.vip\/wp-content\/uploads\/visual-portfolio\/placeholder-768x576.png 768w, https:\/\/iksir.vip\/wp-content\/uploads\/visual-portfolio\/placeholder-500x375.png 500w, https:\/\/iksir.vip\/wp-content\/uploads\/visual-portfolio\/placeholder-800x600.png 800w\" sizes=\"auto, (max-width: 1201px) 100vw, 1201px\" \/><\/noscript><img fetchpriority=\"high\" decoding=\"async\" width=\"1201\" height=\"900\" src=\"https:\/\/iksir.vip\/wp-content\/uploads\/visual-portfolio\/placeholder.png\" class=\"wp-image-172 vp-lazyload\" alt srcset=\"data:image\/svg+xml;base64,PHN2ZyB3aWR0aD0iMTIwMSIgaGVpZ2h0PSI5MDAiIHZpZXdCb3g9IjAgMCAxMjAxIDkwMCIgZmlsbD0ibm9uZSIgeG1sbnM9Imh0dHA6Ly93d3cudzMub3JnLzIwMDAvc3ZnIj48L3N2Zz4=\" data-src=\"https:\/\/iksir.vip\/wp-content\/uploads\/visual-portfolio\/placeholder.png\" data-srcset=\"https:\/\/iksir.vip\/wp-content\/uploads\/visual-portfolio\/placeholder.png 1201w, https:\/\/iksir.vip\/wp-content\/uploads\/visual-portfolio\/placeholder-300x225.png 300w, https:\/\/iksir.vip\/wp-content\/uploads\/visual-portfolio\/placeholder-1024x767.png 1024w, https:\/\/iksir.vip\/wp-content\/uploads\/visual-portfolio\/placeholder-768x576.png 768w, https:\/\/iksir.vip\/wp-content\/uploads\/visual-portfolio\/placeholder-500x375.png 500w, https:\/\/iksir.vip\/wp-content\/uploads\/visual-portfolio\/placeholder-800x600.png 800w\" data-sizes=\"auto\" loading=\"eager\">\n\t\t\t<\/div>\n<\/div>\n\t<figcaption class=\"vp-portfolio__item-overlay vp-portfolio__item-overlay-text-align-center\">\n\t\t<div class=\"vp-portfolio__item-meta-wrap vp-portfolio__custom-scrollbar\">\n\t\t\t\t<span\t\t class=\"vp-portfolio__item-meta\" \t>\n\t\n<h2 class=\"vp-portfolio__item-meta-title\">\n\tb900d787-9c43-4b19-8e41-e988edbbdc58<\/h2>\n<\/span>\t\t<\/div>\n\t<\/figcaption>\n\t\t\t<\/figure>\n\t\t\t\t\t<\/div>\n\t\t\n\t\t<div\t\tclass=\"vp-portfolio__item-wrap vp-portfolio__item-uid-a61dd292\" data-vp-filter=\"\" \t\t>\n\t\t\t\t\t\t\t\t\t<figure class=\"vp-portfolio__item\">\n\t\t\t\t\n<div class=\"vp-portfolio__item-img-wrap\">\n\t<div class=\"vp-portfolio__item-img\">\n\t\t\n\t\t<noscript><img loading=\"lazy\" decoding=\"async\" width=\"1201\" height=\"900\" data-skip-lazy src=\"https:\/\/iksir.vip\/wp-content\/uploads\/visual-portfolio\/placeholder.png\" class=\"wp-image-172\" alt=\"\" srcset=\"https:\/\/iksir.vip\/wp-content\/uploads\/visual-portfolio\/placeholder.png 1201w, https:\/\/iksir.vip\/wp-content\/uploads\/visual-portfolio\/placeholder-300x225.png 300w, https:\/\/iksir.vip\/wp-content\/uploads\/visual-portfolio\/placeholder-1024x767.png 1024w, https:\/\/iksir.vip\/wp-content\/uploads\/visual-portfolio\/placeholder-768x576.png 768w, https:\/\/iksir.vip\/wp-content\/uploads\/visual-portfolio\/placeholder-500x375.png 500w, https:\/\/iksir.vip\/wp-content\/uploads\/visual-portfolio\/placeholder-800x600.png 800w\" sizes=\"auto, (max-width: 1201px) 100vw, 1201px\" \/><\/noscript><img fetchpriority=\"high\" decoding=\"async\" width=\"1201\" height=\"900\" src=\"https:\/\/iksir.vip\/wp-content\/uploads\/visual-portfolio\/placeholder.png\" class=\"wp-image-172 vp-lazyload\" alt srcset=\"data:image\/svg+xml;base64,PHN2ZyB3aWR0aD0iMTIwMSIgaGVpZ2h0PSI5MDAiIHZpZXdCb3g9IjAgMCAxMjAxIDkwMCIgZmlsbD0ibm9uZSIgeG1sbnM9Imh0dHA6Ly93d3cudzMub3JnLzIwMDAvc3ZnIj48L3N2Zz4=\" data-src=\"https:\/\/iksir.vip\/wp-content\/uploads\/visual-portfolio\/placeholder.png\" data-srcset=\"https:\/\/iksir.vip\/wp-content\/uploads\/visual-portfolio\/placeholder.png 1201w, https:\/\/iksir.vip\/wp-content\/uploads\/visual-portfolio\/placeholder-300x225.png 300w, https:\/\/iksir.vip\/wp-content\/uploads\/visual-portfolio\/placeholder-1024x767.png 1024w, https:\/\/iksir.vip\/wp-content\/uploads\/visual-portfolio\/placeholder-768x576.png 768w, https:\/\/iksir.vip\/wp-content\/uploads\/visual-portfolio\/placeholder-500x375.png 500w, https:\/\/iksir.vip\/wp-content\/uploads\/visual-portfolio\/placeholder-800x600.png 800w\" data-sizes=\"auto\" loading=\"eager\">\n\t\t\t<\/div>\n<\/div>\n\t<figcaption class=\"vp-portfolio__item-overlay vp-portfolio__item-overlay-text-align-center\">\n\t\t<div class=\"vp-portfolio__item-meta-wrap vp-portfolio__custom-scrollbar\">\n\t\t\t\t<span\t\t class=\"vp-portfolio__item-meta\" \t>\n\t\n<h2 class=\"vp-portfolio__item-meta-title\">\n\tbd5cc24a-8176-4d02-9af0-07ded871cef0<\/h2>\n<\/span>\t\t<\/div>\n\t<\/figcaption>\n\t\t\t<\/figure>\n\t\t\t\t\t<\/div>\n\t\t\n\t\t<div\t\tclass=\"vp-portfolio__item-wrap vp-portfolio__item-uid-4ccddabd\" data-vp-filter=\"\" \t\t>\n\t\t\t\t\t\t\t\t\t<figure class=\"vp-portfolio__item\">\n\t\t\t\t\n<div class=\"vp-portfolio__item-img-wrap\">\n\t<div class=\"vp-portfolio__item-img\">\n\t\t\n\t\t<noscript><img loading=\"lazy\" decoding=\"async\" width=\"1201\" height=\"900\" data-skip-lazy src=\"https:\/\/iksir.vip\/wp-content\/uploads\/visual-portfolio\/placeholder.png\" class=\"wp-image-172\" alt=\"\" srcset=\"https:\/\/iksir.vip\/wp-content\/uploads\/visual-portfolio\/placeholder.png 1201w, https:\/\/iksir.vip\/wp-content\/uploads\/visual-portfolio\/placeholder-300x225.png 300w, https:\/\/iksir.vip\/wp-content\/uploads\/visual-portfolio\/placeholder-1024x767.png 1024w, https:\/\/iksir.vip\/wp-content\/uploads\/visual-portfolio\/placeholder-768x576.png 768w, https:\/\/iksir.vip\/wp-content\/uploads\/visual-portfolio\/placeholder-500x375.png 500w, https:\/\/iksir.vip\/wp-content\/uploads\/visual-portfolio\/placeholder-800x600.png 800w\" sizes=\"auto, (max-width: 1201px) 100vw, 1201px\" \/><\/noscript><img fetchpriority=\"high\" decoding=\"async\" width=\"1201\" height=\"900\" src=\"https:\/\/iksir.vip\/wp-content\/uploads\/visual-portfolio\/placeholder.png\" class=\"wp-image-172 vp-lazyload\" alt srcset=\"data:image\/svg+xml;base64,PHN2ZyB3aWR0aD0iMTIwMSIgaGVpZ2h0PSI5MDAiIHZpZXdCb3g9IjAgMCAxMjAxIDkwMCIgZmlsbD0ibm9uZSIgeG1sbnM9Imh0dHA6Ly93d3cudzMub3JnLzIwMDAvc3ZnIj48L3N2Zz4=\" data-src=\"https:\/\/iksir.vip\/wp-content\/uploads\/visual-portfolio\/placeholder.png\" data-srcset=\"https:\/\/iksir.vip\/wp-content\/uploads\/visual-portfolio\/placeholder.png 1201w, https:\/\/iksir.vip\/wp-content\/uploads\/visual-portfolio\/placeholder-300x225.png 300w, https:\/\/iksir.vip\/wp-content\/uploads\/visual-portfolio\/placeholder-1024x767.png 1024w, https:\/\/iksir.vip\/wp-content\/uploads\/visual-portfolio\/placeholder-768x576.png 768w, https:\/\/iksir.vip\/wp-content\/uploads\/visual-portfolio\/placeholder-500x375.png 500w, https:\/\/iksir.vip\/wp-content\/uploads\/visual-portfolio\/placeholder-800x600.png 800w\" data-sizes=\"auto\" loading=\"eager\">\n\t\t\t<\/div>\n<\/div>\n\t<figcaption class=\"vp-portfolio__item-overlay vp-portfolio__item-overlay-text-align-center\">\n\t\t<div class=\"vp-portfolio__item-meta-wrap vp-portfolio__custom-scrollbar\">\n\t\t\t\t<span\t\t class=\"vp-portfolio__item-meta\" \t>\n\t\n<h2 class=\"vp-portfolio__item-meta-title\">\n\tdc156f5b-ebc9-425e-adbe-44c81bfa6373<\/h2>\n<\/span>\t\t<\/div>\n\t<\/figcaption>\n\t\t\t<\/figure>\n\t\t\t\t\t<\/div>\n\t\t\n\t\t<div\t\tclass=\"vp-portfolio__item-wrap vp-portfolio__item-uid-6d78ec62\" data-vp-filter=\"\" \t\t>\n\t\t\t\t\t\t\t\t\t<figure class=\"vp-portfolio__item\">\n\t\t\t\t\n<div class=\"vp-portfolio__item-img-wrap\">\n\t<div class=\"vp-portfolio__item-img\">\n\t\t\n\t\t<noscript><img loading=\"lazy\" decoding=\"async\" width=\"1201\" height=\"900\" data-skip-lazy src=\"https:\/\/iksir.vip\/wp-content\/uploads\/visual-portfolio\/placeholder.png\" class=\"wp-image-172\" alt=\"\" srcset=\"https:\/\/iksir.vip\/wp-content\/uploads\/visual-portfolio\/placeholder.png 1201w, https:\/\/iksir.vip\/wp-content\/uploads\/visual-portfolio\/placeholder-300x225.png 300w, https:\/\/iksir.vip\/wp-content\/uploads\/visual-portfolio\/placeholder-1024x767.png 1024w, https:\/\/iksir.vip\/wp-content\/uploads\/visual-portfolio\/placeholder-768x576.png 768w, https:\/\/iksir.vip\/wp-content\/uploads\/visual-portfolio\/placeholder-500x375.png 500w, https:\/\/iksir.vip\/wp-content\/uploads\/visual-portfolio\/placeholder-800x600.png 800w\" sizes=\"auto, (max-width: 1201px) 100vw, 1201px\" \/><\/noscript><img fetchpriority=\"high\" decoding=\"async\" width=\"1201\" height=\"900\" src=\"https:\/\/iksir.vip\/wp-content\/uploads\/visual-portfolio\/placeholder.png\" class=\"wp-image-172 vp-lazyload\" alt srcset=\"data:image\/svg+xml;base64,PHN2ZyB3aWR0aD0iMTIwMSIgaGVpZ2h0PSI5MDAiIHZpZXdCb3g9IjAgMCAxMjAxIDkwMCIgZmlsbD0ibm9uZSIgeG1sbnM9Imh0dHA6Ly93d3cudzMub3JnLzIwMDAvc3ZnIj48L3N2Zz4=\" data-src=\"https:\/\/iksir.vip\/wp-content\/uploads\/visual-portfolio\/placeholder.png\" data-srcset=\"https:\/\/iksir.vip\/wp-content\/uploads\/visual-portfolio\/placeholder.png 1201w, https:\/\/iksir.vip\/wp-content\/uploads\/visual-portfolio\/placeholder-300x225.png 300w, https:\/\/iksir.vip\/wp-content\/uploads\/visual-portfolio\/placeholder-1024x767.png 1024w, https:\/\/iksir.vip\/wp-content\/uploads\/visual-portfolio\/placeholder-768x576.png 768w, https:\/\/iksir.vip\/wp-content\/uploads\/visual-portfolio\/placeholder-500x375.png 500w, https:\/\/iksir.vip\/wp-content\/uploads\/visual-portfolio\/placeholder-800x600.png 800w\" data-sizes=\"auto\" loading=\"eager\">\n\t\t\t<\/div>\n<\/div>\n\t<figcaption class=\"vp-portfolio__item-overlay vp-portfolio__item-overlay-text-align-center\">\n\t\t<div class=\"vp-portfolio__item-meta-wrap vp-portfolio__custom-scrollbar\">\n\t\t\t\t<span\t\t class=\"vp-portfolio__item-meta\" \t>\n\t\n<h2 class=\"vp-portfolio__item-meta-title\">\n\t9cd9ede2-5c82-4348-8c82-8b65f2f820e4<\/h2>\n<\/span>\t\t<\/div>\n\t<\/figcaption>\n\t\t\t<\/figure>\n\t\t\t\t\t<\/div>\n\t\t\n<\/div>\n\t\t<\/div>\n\t\t\n<\/div>\n<\/div>\n\n\n<p><\/p>\n","protected":false},"excerpt":{"rendered":"","protected":false},"author":1,"featured_media":0,"parent":0,"menu_order":0,"comment_status":"closed","ping_status":"closed","template":"","meta":{"_vp_format_video_url":"","_vp_image_focal_point":[],"footnotes":""},"class_list":["post-69","page","type-page","status-publish","hentry"],"_links":{"self":[{"href":"https:\/\/iksir.vip\/index.php?rest_route=\/wp\/v2\/pages\/69","targetHints":{"allow":["GET"]}}],"collection":[{"href":"https:\/\/iksir.vip\/index.php?rest_route=\/wp\/v2\/pages"}],"about":[{"href":"https:\/\/iksir.vip\/index.php?rest_route=\/wp\/v2\/types\/page"}],"author":[{"embeddable":true,"href":"https:\/\/iksir.vip\/index.php?rest_route=\/wp\/v2\/users\/1"}],"replies":[{"embeddable":true,"href":"https:\/\/iksir.vip\/index.php?rest_route=%2Fwp%2Fv2%2Fcomments&post=69"}],"version-history":[{"count":3,"href":"https:\/\/iksir.vip\/index.php?rest_route=\/wp\/v2\/pages\/69\/revisions"}],"predecessor-version":[{"id":193,"href":"https:\/\/iksir.vip\/index.php?rest_route=\/wp\/v2\/pages\/69\/revisions\/193"}],"wp:attachment":[{"href":"https:\/\/iksir.vip\/index.php?rest_route=%2Fwp%2Fv2%2Fmedia&parent=69"}],"curies":[{"name":"wp","href":"https:\/\/api.w.org\/{rel}","templated":true}]}}