{"id":54,"date":"2024-05-05T03:19:04","date_gmt":"2024-05-05T00:19:04","guid":{"rendered":"https:\/\/iksir.vip\/?page_id=54"},"modified":"2024-05-05T19:47:17","modified_gmt":"2024-05-05T16:47:17","slug":"iksirde-erken-kayit-zamani","status":"publish","type":"page","link":"https:\/\/iksir.vip\/?page_id=54","title":{"rendered":"\u0130KS\u0130R&#8217;de erken kay\u0131t zaman\u0131!"},"content":{"rendered":"\n<p><\/p>\n\n\n\n<p><\/p>\n\n\n\n<p><\/p>\n\n\n\n<p><\/p>\n\n\n\n<p>1 May\u0131s -31 May\u0131s aras\u0131nda \u0130KS\u0130R&#8217;e erken kay\u0131t yapt\u0131ranlar % 25 indirimli kay\u0131t yapt\u0131r\u0131yor.<\/p>\n","protected":false},"excerpt":{"rendered":"<p>1 May\u0131s -31 May\u0131s aras\u0131nda \u0130KS\u0130R&#8217;e erken kay\u0131t yapt\u0131ranlar % 25 indirimli kay\u0131t yapt\u0131r\u0131yor.<\/p>\n","protected":false},"author":1,"featured_media":104,"parent":0,"menu_order":0,"comment_status":"closed","ping_status":"closed","template":"","meta":{"_vp_format_video_url":"","_vp_image_focal_point":[],"footnotes":""},"class_list":["post-54","page","type-page","status-publish","has-post-thumbnail","hentry"],"_links":{"self":[{"href":"https:\/\/iksir.vip\/index.php?rest_route=\/wp\/v2\/pages\/54","targetHints":{"allow":["GET"]}}],"collection":[{"href":"https:\/\/iksir.vip\/index.php?rest_route=\/wp\/v2\/pages"}],"about":[{"href":"https:\/\/iksir.vip\/index.php?rest_route=\/wp\/v2\/types\/page"}],"author":[{"embeddable":true,"href":"https:\/\/iksir.vip\/index.php?rest_route=\/wp\/v2\/users\/1"}],"replies":[{"embeddable":true,"href":"https:\/\/iksir.vip\/index.php?rest_route=%2Fwp%2Fv2%2Fcomments&post=54"}],"version-history":[{"count":5,"href":"https:\/\/iksir.vip\/index.php?rest_route=\/wp\/v2\/pages\/54\/revisions"}],"predecessor-version":[{"id":159,"href":"https:\/\/iksir.vip\/index.php?rest_route=\/wp\/v2\/pages\/54\/revisions\/159"}],"wp:featuredmedia":[{"embeddable":true,"href":"https:\/\/iksir.vip\/index.php?rest_route=\/wp\/v2\/media\/104"}],"wp:attachment":[{"href":"https:\/\/iksir.vip\/index.php?rest_route=%2Fwp%2Fv2%2Fmedia&parent=54"}],"curies":[{"name":"wp","href":"https:\/\/api.w.org\/{rel}","templated":true}]}}